{"id":20730,"date":"2017-07-30T22:16:23","date_gmt":"2017-07-30T20:16:23","guid":{"rendered":"https:\/\/www.cuerdaspulsadas.com\/?post_type=product&#038;p=20730"},"modified":"2025-09-25T22:15:22","modified_gmt":"2025-09-25T20:15:22","slug":"cat-is-playing-renaissance-lute","status":"publish","type":"product","link":"https:\/\/www.cuerdaspulsadas.com\/es\/store\/cat-is-playing-renaissance-lute\/","title":{"rendered":"Gato tocando el la\u00fad renacentista"},"content":{"rendered":"<p><strong>Cats &amp; Lutes<\/strong>&#8230; en Cuerdas Pulsadas nos hemos propuesto reunir a los mejores gatos laudistas para que posen ta\u00f1endo sus fantas\u00edas y ricercares favoritos.<\/p>\n<p>Contamos con el talento excepcional de <a href=\"https:\/\/www.etsy.com\/es\/shop\/NathanNunArt\" target=\"_blank\" rel=\"noopener\"><span data-in-modal-editable-text=\"title\" data-endpoint=\"DataPost\" data-key=\"headline\">Nathan Nun<\/span><\/a>, que ha sabido dar vida a estos gatos siguiendo fielmente las indicaciones <span data-in-modal-editable-text=\"title\" data-endpoint=\"DataPost\" data-key=\"headline\">que, en Cuerdas Pulsadas, hemos extra\u00eddo de las pinturas de la \u00e9poca.<br \/>\n<\/span><\/p>\n<p>Aqu\u00ed tenemos a un gato, orgulloso entusiasta del renacimiento, con su la\u00fad de diez \u00f3rdenes. Sin dudarlo, ha usado los <a href=\"https:\/\/www.cuerdaspulsadas.es\/aquila\/cd-loaded-basses.html\" target=\"_blank\" rel=\"noopener\">nuevos bajos sint\u00e9ticos de Aquila Corde<\/a> y tambi\u00e9n la <a href=\"https:\/\/www.etsy.com\/es\/listing\/516986426\/alessandro-piccinini-strap-cinta-large\" target=\"_blank\" rel=\"noopener\">cinta \u00abAlessandro Piccinini\u00bb de La Rossignol<\/a>.<\/p>\n<p>Hemos seleccionado las mejores calidades para estas camisetas:<\/p>\n<ul>\n<li>Material durable y de calidad<\/li>\n<li>Etiqueta desprendible<\/li>\n<li>Ajuste: semiajustado<\/li>\n<li>Tejido: 100% Algod\u00f3n &#8211; Ring Spun (153 g\/m\u00b2)<\/li>\n<\/ul>\n<p>&nbsp;<\/p>\n<p><strong>Y est\u00e1n disponibles para que hombres, mujeres y ni\u00f1os puedan mostrar al mundo su instrumento favorito.<\/strong><\/p>\n<ul>\n<li>Dise\u00f1o frontal: 35&#215;40<\/li>\n<\/ul>\n<p>&nbsp;<\/p>\n<p><img loading=\"lazy\" decoding=\"async\" class=\"wp-image-30521 size-full aligncenter\" src=\"https:\/\/www.cuerdaspulsadas.com\/wp-content\/uploads\/2017\/08\/cat_cat_renaissance_lute.png\" alt=\"\" width=\"500\" height=\"500\" srcset=\"https:\/\/www.cuerdaspulsadas.com\/wp-content\/uploads\/2017\/08\/cat_cat_renaissance_lute.png 500w, https:\/\/www.cuerdaspulsadas.com\/wp-content\/uploads\/2017\/08\/cat_cat_renaissance_lute-400x400.png 400w, https:\/\/www.cuerdaspulsadas.com\/wp-content\/uploads\/2017\/08\/cat_cat_renaissance_lute-280x280.png 280w, https:\/\/www.cuerdaspulsadas.com\/wp-content\/uploads\/2017\/08\/cat_cat_renaissance_lute-100x100.png 100w\" sizes=\"auto, (max-width: 500px) 100vw, 500px\" \/><\/p>\n<p>&nbsp;<\/p>\n<p>&nbsp;<\/p>\n<p>&nbsp;<\/p>\n<p>&nbsp;<\/p>\n","protected":false},"excerpt":{"rendered":"<p><strong>Cats &amp; Lutes<\/strong>&#8230; en Cuerdas Pulsadas nos hemos propuesto reunir a los mejores gatos laudistas para que posen ta\u00f1endo sus fantas\u00edas y ricercares favoritos.<\/p>\n<p>Contamos con el talento excepcional de <a href=\"https:\/\/www.etsy.com\/es\/shop\/NathanNunArt\" target=\"_blank\" rel=\"noopener\"><span data-in-modal-editable-text=\"title\" data-endpoint=\"DataPost\" data-key=\"headline\">Nathan Nun<\/span><\/a>, que ha sabido dar vida a estos gatos siguiendo fielmente las indicaciones <span data-in-modal-editable-text=\"title\" data-endpoint=\"DataPost\" data-key=\"headline\">que, en Cuerdas Pulsadas, hemos extra\u00eddo de las pinturas de la \u00e9poca.<br \/>\n<\/span><\/p>\n<p>Aqu\u00ed tenemos a un gato, orgulloso entusiasta del renacimiento, con su la\u00fad de diez \u00f3rdenes. Sin dudarlo, ha usado los <a href=\"https:\/\/www.cuerdaspulsadas.es\/aquila\/cd-loaded-basses.html\" target=\"_blank\" rel=\"noopener\">nuevos bajos sint\u00e9ticos de Aquila Corde<\/a> y tambi\u00e9n la <a href=\"https:\/\/www.etsy.com\/es\/listing\/516986426\/alessandro-piccinini-strap-cinta-large\" target=\"_blank\" rel=\"noopener\">cinta \u00abAlessandro Piccinini\u00bb de La Rossignol<\/a>.<\/p>\n<p>Hemos seleccionado las mejores calidades para estas camisetas:<\/p>\n<ul>\n<li>Material durable y de calidad<\/li>\n<li>Etiqueta desprendible<\/li>\n<li>Ajuste: semiajustado<\/li>\n<li>Tejido: 100% Algod\u00f3n &#8211; Ring Spun (153 g\/m\u00b2)<\/li>\n<li>Tallas para ni\u00f1os: M (7-9 a\u00f1os) || L (10-13 a\u00f1os)<\/li>\n<\/ul>\n<p>&nbsp;<\/p>\n<p><strong>Y est\u00e1n disponibles para que hombres, mujeres y ni\u00f1os puedan mostrar al mundo su instrumento favorito.<\/strong><\/p>\n<ul>\n<li>Dise\u00f1o frontal: 35&#215;40<\/li>\n<\/ul>\n<p>&nbsp;<\/p>\n<p><img loading=\"lazy\" decoding=\"async\" class=\"aligncenter wp-image-30521 size-thumbnail\" src=\"https:\/\/cuerdaspulsadas.mystagingwebsite.com\/wp-content\/uploads\/2017\/08\/cat_cat_renaissance_lute-280x280.png\" alt=\"\" width=\"280\" height=\"280\" srcset=\"https:\/\/www.cuerdaspulsadas.com\/wp-content\/uploads\/2017\/08\/cat_cat_renaissance_lute-280x280.png 280w, https:\/\/www.cuerdaspulsadas.com\/wp-content\/uploads\/2017\/08\/cat_cat_renaissance_lute-400x400.png 400w, https:\/\/www.cuerdaspulsadas.com\/wp-content\/uploads\/2017\/08\/cat_cat_renaissance_lute-100x100.png 100w, https:\/\/www.cuerdaspulsadas.com\/wp-content\/uploads\/2017\/08\/cat_cat_renaissance_lute.png 500w\" sizes=\"auto, (max-width: 280px) 100vw, 280px\" \/><\/p>\n<p><center><\/center><center><\/center>&nbsp;<\/p>\n<p>&nbsp;<\/p>\n","protected":false},"featured_media":20746,"template":"","meta":[],"product_brand":[],"product_cat":[1277],"product_tag":[],"class_list":{"0":"post-20730","1":"product","2":"type-product","3":"status-publish","4":"has-post-thumbnail","6":"product_cat-cats-and-lutes","7":"pa_size-l-es","8":"pa_size-m-es","9":"pa_size-s-es","10":"pa_size-xl-es","11":"pa_size-xxl-es","12":"pa_tipo-kid-es","13":"pa_tipo-man-es","14":"pa_tipo-woman-es","15":"member-discount","16":"discount-restricted","18":"first","19":"instock","20":"taxable","21":"shipping-taxable","22":"purchasable","23":"product-type-variable"},"yoast_head":"<!-- This site is optimized with the Yoast SEO plugin v27.3 - https:\/\/yoast.com\/product\/yoast-seo-wordpress\/ -->\n<title>Gato tocando el la\u00fad renacentista | Cuerdas Pulsadas<\/title>\n<meta name=\"description\" content=\"Gato tocando el la\u00fad renacentista. Professional strings and accessories for early music instruments. Fast worldwide shipping from Spain.\" \/>\n<meta name=\"robots\" content=\"index, follow, max-snippet:-1, max-image-preview:large, max-video-preview:-1\" \/>\n<link rel=\"canonical\" href=\"https:\/\/www.cuerdaspulsadas.com\/es\/store\/cat-is-playing-renaissance-lute\/\" \/>\n<meta property=\"og:locale\" content=\"es_ES\" \/>\n<meta property=\"og:type\" content=\"article\" \/>\n<meta property=\"og:title\" content=\"Gato tocando el la\u00fad renacentista | Cuerdas Pulsadas\" \/>\n<meta property=\"og:description\" content=\"Gato tocando el la\u00fad renacentista. Professional strings and accessories for early music instruments. Fast worldwide shipping from Spain.\" \/>\n<meta property=\"og:url\" content=\"https:\/\/www.cuerdaspulsadas.com\/es\/store\/cat-is-playing-renaissance-lute\/\" \/>\n<meta property=\"og:site_name\" content=\"Cuerdas Pulsadas\" \/>\n<meta property=\"article:publisher\" content=\"https:\/\/www.facebook.com\/cuerdaspulsadas\/\" \/>\n<meta property=\"article:modified_time\" content=\"2025-09-25T20:15:22+00:00\" \/>\n<meta property=\"og:image\" content=\"https:\/\/www.cuerdaspulsadas.com\/wp-content\/uploads\/2018\/05\/products-cat_lute_renaissance_1_2-1.png\" \/>\n\t<meta property=\"og:image:width\" content=\"241\" \/>\n\t<meta property=\"og:image:height\" content=\"188\" \/>\n\t<meta property=\"og:image:type\" content=\"image\/jpeg\" \/>\n<meta name=\"twitter:card\" content=\"summary_large_image\" \/>\n<meta name=\"twitter:site\" content=\"@cuerdaspulsadas\" \/>\n<meta name=\"twitter:label1\" content=\"Tiempo de lectura\" \/>\n\t<meta name=\"twitter:data1\" content=\"1 minuto\" \/>\n<script type=\"application\/ld+json\" class=\"yoast-schema-graph\">{\"@context\":\"https:\\\/\\\/schema.org\",\"@graph\":[{\"@type\":\"WebPage\",\"@id\":\"https:\\\/\\\/www.cuerdaspulsadas.com\\\/es\\\/store\\\/cat-is-playing-renaissance-lute\\\/\",\"url\":\"https:\\\/\\\/www.cuerdaspulsadas.com\\\/es\\\/store\\\/cat-is-playing-renaissance-lute\\\/\",\"name\":\"Gato tocando el la\u00fad renacentista | Cuerdas Pulsadas\",\"isPartOf\":{\"@id\":\"https:\\\/\\\/www.cuerdaspulsadas.com\\\/es\\\/#website\"},\"primaryImageOfPage\":{\"@id\":\"https:\\\/\\\/www.cuerdaspulsadas.com\\\/es\\\/store\\\/cat-is-playing-renaissance-lute\\\/#primaryimage\"},\"image\":{\"@id\":\"https:\\\/\\\/www.cuerdaspulsadas.com\\\/es\\\/store\\\/cat-is-playing-renaissance-lute\\\/#primaryimage\"},\"thumbnailUrl\":\"https:\\\/\\\/www.cuerdaspulsadas.com\\\/wp-content\\\/uploads\\\/2018\\\/05\\\/products-cat_lute_renaissance_1_2-1.png\",\"datePublished\":\"2017-07-30T20:16:23+00:00\",\"dateModified\":\"2025-09-25T20:15:22+00:00\",\"description\":\"Gato tocando el la\u00fad renacentista. Professional strings and accessories for early music instruments. Fast worldwide shipping from Spain.\",\"breadcrumb\":{\"@id\":\"https:\\\/\\\/www.cuerdaspulsadas.com\\\/es\\\/store\\\/cat-is-playing-renaissance-lute\\\/#breadcrumb\"},\"inLanguage\":\"es\",\"potentialAction\":[{\"@type\":\"ReadAction\",\"target\":[\"https:\\\/\\\/www.cuerdaspulsadas.com\\\/es\\\/store\\\/cat-is-playing-renaissance-lute\\\/\"]}]},{\"@type\":\"ImageObject\",\"inLanguage\":\"es\",\"@id\":\"https:\\\/\\\/www.cuerdaspulsadas.com\\\/es\\\/store\\\/cat-is-playing-renaissance-lute\\\/#primaryimage\",\"url\":\"https:\\\/\\\/www.cuerdaspulsadas.com\\\/wp-content\\\/uploads\\\/2018\\\/05\\\/products-cat_lute_renaissance_1_2-1.png\",\"contentUrl\":\"https:\\\/\\\/www.cuerdaspulsadas.com\\\/wp-content\\\/uploads\\\/2018\\\/05\\\/products-cat_lute_renaissance_1_2-1.png\",\"width\":\"241\",\"height\":\"188\"},{\"@type\":\"BreadcrumbList\",\"@id\":\"https:\\\/\\\/www.cuerdaspulsadas.com\\\/es\\\/store\\\/cat-is-playing-renaissance-lute\\\/#breadcrumb\",\"itemListElement\":[{\"@type\":\"ListItem\",\"position\":1,\"name\":\"Home\",\"item\":\"https:\\\/\\\/www.cuerdaspulsadas.com\\\/es\\\/\"},{\"@type\":\"ListItem\",\"position\":2,\"name\":\"Tienda\",\"item\":\"https:\\\/\\\/www.cuerdaspulsadas.com\\\/shop\\\/\"},{\"@type\":\"ListItem\",\"position\":3,\"name\":\"Gato tocando el la\u00fad renacentista\"}]},{\"@type\":\"WebSite\",\"@id\":\"https:\\\/\\\/www.cuerdaspulsadas.com\\\/es\\\/#website\",\"url\":\"https:\\\/\\\/www.cuerdaspulsadas.com\\\/es\\\/\",\"name\":\"Cuerdas Pulsadas\",\"description\":\"\",\"publisher\":{\"@id\":\"https:\\\/\\\/www.cuerdaspulsadas.com\\\/es\\\/#organization\"},\"potentialAction\":[{\"@type\":\"SearchAction\",\"target\":{\"@type\":\"EntryPoint\",\"urlTemplate\":\"https:\\\/\\\/www.cuerdaspulsadas.com\\\/es\\\/?s={search_term_string}\"},\"query-input\":{\"@type\":\"PropertyValueSpecification\",\"valueRequired\":true,\"valueName\":\"search_term_string\"}}],\"inLanguage\":\"es\"},{\"@type\":\"Organization\",\"@id\":\"https:\\\/\\\/www.cuerdaspulsadas.com\\\/es\\\/#organization\",\"name\":\"CUERDAS PULSADAS\",\"url\":\"https:\\\/\\\/www.cuerdaspulsadas.com\\\/es\\\/\",\"logo\":{\"@type\":\"ImageObject\",\"inLanguage\":\"es\",\"@id\":\"https:\\\/\\\/www.cuerdaspulsadas.com\\\/es\\\/#\\\/schema\\\/logo\\\/image\\\/\",\"url\":\"https:\\\/\\\/www.cuerdaspulsadas.com\\\/wp-content\\\/uploads\\\/2020\\\/06\\\/Logo_BASE-e1612088402755.png\",\"contentUrl\":\"https:\\\/\\\/www.cuerdaspulsadas.com\\\/wp-content\\\/uploads\\\/2020\\\/06\\\/Logo_BASE-e1612088402755.png\",\"width\":3200,\"height\":981,\"caption\":\"CUERDAS PULSADAS\"},\"image\":{\"@id\":\"https:\\\/\\\/www.cuerdaspulsadas.com\\\/es\\\/#\\\/schema\\\/logo\\\/image\\\/\"},\"sameAs\":[\"https:\\\/\\\/www.facebook.com\\\/cuerdaspulsadas\\\/\",\"https:\\\/\\\/x.com\\\/cuerdaspulsadas\",\"https:\\\/\\\/www.instagram.com\\\/cuerdaspulsadas\",\"https:\\\/\\\/www.youtube.com\\\/channel\\\/UCmB3vi5pQZC71bwfnjatRvA\"]}]}<\/script>\n<!-- \/ Yoast SEO plugin. -->","yoast_head_json":{"title":"Gato tocando el la\u00fad renacentista | Cuerdas Pulsadas","description":"Gato tocando el la\u00fad renacentista. Professional strings and accessories for early music instruments. Fast worldwide shipping from Spain.","robots":{"index":"index","follow":"follow","max-snippet":"max-snippet:-1","max-image-preview":"max-image-preview:large","max-video-preview":"max-video-preview:-1"},"canonical":"https:\/\/www.cuerdaspulsadas.com\/es\/store\/cat-is-playing-renaissance-lute\/","og_locale":"es_ES","og_type":"article","og_title":"Gato tocando el la\u00fad renacentista | Cuerdas Pulsadas","og_description":"Gato tocando el la\u00fad renacentista. Professional strings and accessories for early music instruments. Fast worldwide shipping from Spain.","og_url":"https:\/\/www.cuerdaspulsadas.com\/es\/store\/cat-is-playing-renaissance-lute\/","og_site_name":"Cuerdas Pulsadas","article_publisher":"https:\/\/www.facebook.com\/cuerdaspulsadas\/","article_modified_time":"2025-09-25T20:15:22+00:00","og_image":[{"width":241,"height":188,"url":"https:\/\/www.cuerdaspulsadas.com\/wp-content\/uploads\/2018\/05\/products-cat_lute_renaissance_1_2-1.png","type":"image\/jpeg"}],"twitter_card":"summary_large_image","twitter_site":"@cuerdaspulsadas","twitter_misc":{"Tiempo de lectura":"1 minuto"},"schema":{"@context":"https:\/\/schema.org","@graph":[{"@type":"WebPage","@id":"https:\/\/www.cuerdaspulsadas.com\/es\/store\/cat-is-playing-renaissance-lute\/","url":"https:\/\/www.cuerdaspulsadas.com\/es\/store\/cat-is-playing-renaissance-lute\/","name":"Gato tocando el la\u00fad renacentista | Cuerdas Pulsadas","isPartOf":{"@id":"https:\/\/www.cuerdaspulsadas.com\/es\/#website"},"primaryImageOfPage":{"@id":"https:\/\/www.cuerdaspulsadas.com\/es\/store\/cat-is-playing-renaissance-lute\/#primaryimage"},"image":{"@id":"https:\/\/www.cuerdaspulsadas.com\/es\/store\/cat-is-playing-renaissance-lute\/#primaryimage"},"thumbnailUrl":"https:\/\/www.cuerdaspulsadas.com\/wp-content\/uploads\/2018\/05\/products-cat_lute_renaissance_1_2-1.png","datePublished":"2017-07-30T20:16:23+00:00","dateModified":"2025-09-25T20:15:22+00:00","description":"Gato tocando el la\u00fad renacentista. Professional strings and accessories for early music instruments. Fast worldwide shipping from Spain.","breadcrumb":{"@id":"https:\/\/www.cuerdaspulsadas.com\/es\/store\/cat-is-playing-renaissance-lute\/#breadcrumb"},"inLanguage":"es","potentialAction":[{"@type":"ReadAction","target":["https:\/\/www.cuerdaspulsadas.com\/es\/store\/cat-is-playing-renaissance-lute\/"]}]},{"@type":"ImageObject","inLanguage":"es","@id":"https:\/\/www.cuerdaspulsadas.com\/es\/store\/cat-is-playing-renaissance-lute\/#primaryimage","url":"https:\/\/www.cuerdaspulsadas.com\/wp-content\/uploads\/2018\/05\/products-cat_lute_renaissance_1_2-1.png","contentUrl":"https:\/\/www.cuerdaspulsadas.com\/wp-content\/uploads\/2018\/05\/products-cat_lute_renaissance_1_2-1.png","width":"241","height":"188"},{"@type":"BreadcrumbList","@id":"https:\/\/www.cuerdaspulsadas.com\/es\/store\/cat-is-playing-renaissance-lute\/#breadcrumb","itemListElement":[{"@type":"ListItem","position":1,"name":"Home","item":"https:\/\/www.cuerdaspulsadas.com\/es\/"},{"@type":"ListItem","position":2,"name":"Tienda","item":"https:\/\/www.cuerdaspulsadas.com\/shop\/"},{"@type":"ListItem","position":3,"name":"Gato tocando el la\u00fad renacentista"}]},{"@type":"WebSite","@id":"https:\/\/www.cuerdaspulsadas.com\/es\/#website","url":"https:\/\/www.cuerdaspulsadas.com\/es\/","name":"Cuerdas Pulsadas","description":"","publisher":{"@id":"https:\/\/www.cuerdaspulsadas.com\/es\/#organization"},"potentialAction":[{"@type":"SearchAction","target":{"@type":"EntryPoint","urlTemplate":"https:\/\/www.cuerdaspulsadas.com\/es\/?s={search_term_string}"},"query-input":{"@type":"PropertyValueSpecification","valueRequired":true,"valueName":"search_term_string"}}],"inLanguage":"es"},{"@type":"Organization","@id":"https:\/\/www.cuerdaspulsadas.com\/es\/#organization","name":"CUERDAS PULSADAS","url":"https:\/\/www.cuerdaspulsadas.com\/es\/","logo":{"@type":"ImageObject","inLanguage":"es","@id":"https:\/\/www.cuerdaspulsadas.com\/es\/#\/schema\/logo\/image\/","url":"https:\/\/www.cuerdaspulsadas.com\/wp-content\/uploads\/2020\/06\/Logo_BASE-e1612088402755.png","contentUrl":"https:\/\/www.cuerdaspulsadas.com\/wp-content\/uploads\/2020\/06\/Logo_BASE-e1612088402755.png","width":3200,"height":981,"caption":"CUERDAS PULSADAS"},"image":{"@id":"https:\/\/www.cuerdaspulsadas.com\/es\/#\/schema\/logo\/image\/"},"sameAs":["https:\/\/www.facebook.com\/cuerdaspulsadas\/","https:\/\/x.com\/cuerdaspulsadas","https:\/\/www.instagram.com\/cuerdaspulsadas","https:\/\/www.youtube.com\/channel\/UCmB3vi5pQZC71bwfnjatRvA"]}]}},"jetpack_sharing_enabled":true,"_links":{"self":[{"href":"https:\/\/www.cuerdaspulsadas.com\/es\/wp-json\/wp\/v2\/product\/20730","targetHints":{"allow":["GET"]}}],"collection":[{"href":"https:\/\/www.cuerdaspulsadas.com\/es\/wp-json\/wp\/v2\/product"}],"about":[{"href":"https:\/\/www.cuerdaspulsadas.com\/es\/wp-json\/wp\/v2\/types\/product"}],"wp:featuredmedia":[{"embeddable":true,"href":"https:\/\/www.cuerdaspulsadas.com\/es\/wp-json\/wp\/v2\/media\/20746"}],"wp:attachment":[{"href":"https:\/\/www.cuerdaspulsadas.com\/es\/wp-json\/wp\/v2\/media?parent=20730"}],"wp:term":[{"taxonomy":"product_brand","embeddable":true,"href":"https:\/\/www.cuerdaspulsadas.com\/es\/wp-json\/wp\/v2\/product_brand?post=20730"},{"taxonomy":"product_cat","embeddable":true,"href":"https:\/\/www.cuerdaspulsadas.com\/es\/wp-json\/wp\/v2\/product_cat?post=20730"},{"taxonomy":"product_tag","embeddable":true,"href":"https:\/\/www.cuerdaspulsadas.com\/es\/wp-json\/wp\/v2\/product_tag?post=20730"}],"curies":[{"name":"wp","href":"https:\/\/api.w.org\/{rel}","templated":true}]}}